{"id":100,"date":"2025-05-15T12:54:07","date_gmt":"2025-05-15T10:54:07","guid":{"rendered":"https:\/\/stage.moondiamonds.hu\/index.php\/home\/"},"modified":"2025-07-04T15:07:28","modified_gmt":"2025-07-04T13:07:28","slug":"kezdolap","status":"publish","type":"page","link":"https:\/\/moondiamonds.hu\/","title":{"rendered":"Moondiamonds"},"content":{"rendered":"\n    \n    <section class=\"u-clearfix u-image u-section-2\" id=\"block-1\" data-image-width=\"2000\" data-image-height=\"1000\" style=\"background-image: url(&quot;https:\/\/moondiamonds.hu\/wp-content\/uploads\/2025\/05\/The-Moon-Shop-Hero-1.png&quot;);\">\n      <div class=\"u-clearfix u-sheet u-sheet-1\">\n        <img decoding=\"async\" class=\"u-expanded-width-xs u-image u-image-contain u-image-default u-image-1\" src=\"https:\/\/moondiamonds.hu\/wp-content\/uploads\/2025\/05\/moon_diamonds_logo_szurke.png\" alt=\"\" data-image-width=\"1140\" data-image-height=\"562\">\n        <h2 class=\"u-custom-font u-text u-text-custom-color-1 u-text-default u-text-1\"> A luxus \u00e9rint\u00e9se<\/h2>\n      <\/div>\n    <\/section>\n    <section class=\"u-clearfix u-section-3\" id=\"block-2\">\n      <div class=\"u-clearfix u-sheet u-valign-middle u-sheet-1\">\n        <p class=\"u-align-center u-text u-text-custom-color-1 u-text-1\"> Mi a <span style=\"font-weight: 700;\">Moondiamonds<\/span> nemzetk\u00f6zi csapata arra t\u00f6reksz\u00fcnk, hogy megb\u00edzhat\u00f3 \u00e9s kisz\u00e1m\u00edthat\u00f3 min\u0151s\u00e9get biztos\u00edtsunk partnereinknek sz\u00e1m\u00e1ra. Egy olyan m\u00e1rk\u00e1t \u00e9p\u00edt\u00fcnk, me\u200bly garanci\u00e1t v\u00e1llal arra, hogy magas min\u0151s\u00e9g\u0171 \u00e9s prec\u00edz megmunk\u00e1l\u00e1s\u00fa \u00e9kszerek sz\u00e9les palett\u00e1j\u00e1t k\u00edn\u00e1lja, legyen sz\u00f3 gy\u00e9m\u00e1ntr\u00f3l vagy ak\u00e1r sz\u00ednes dr\u00e1gak\u0151r\u0151l.\n        <\/p>\n        <div class=\"u-hidden-md u-hidden-sm u-hidden-xs u-uploaded-video u-video u-video-contain u-video-1\">\n          <div class=\"embed-responsive\">\n            <video class=\"embed-responsive-item\" data-autoplay=\"1\" loop=\"\" muted=\"1\" autoplay=\"autoplay\" playsinline=\"\">\n              <source src=\"https:\/\/moondiamonds.hu\/wp-content\/uploads\/2025\/06\/moon1-1.mp4\" type=\"video\/mp4\">\n              <p>Your browser does not support HTML5 video.<\/p>\n            <\/video>\n          <\/div>\n        <\/div>\n      <\/div>\n    <\/section>\n    <section class=\"u-carousel u-carousel-duration-1000 u-slide u-block-5a46-1\" id=\"carousel-6a84\" data-interval=\"5000\" data-u-ride=\"carousel\" data-pause=\"false\">\n      <ol class=\"u-absolute-hcenter u-carousel-indicators u-block-5a46-2\">\n        <li data-u-target=\"#carousel-6a84\" class=\"u-active u-grey-30 u-shape-circle\" style=\"width: 10px; height: 10px;\" data-u-slide-to=\"0\"><\/li>\n        <li data-u-target=\"#carousel-6a84\" class=\"u-grey-30 u-shape-circle\" style=\"width: 10px; height: 10px;\" data-u-slide-to=\"1\"><\/li>\n        <li data-u-target=\"#carousel-6a84\" class=\"u-grey-30 u-shape-circle\" style=\"width: 10px; height: 10px;\" data-u-slide-to=\"2\"><\/li>\n        <li data-u-target=\"#carousel-6a84\" class=\"u-grey-30 u-shape-circle\" style=\"width: 10px; height: 10px;\" data-u-slide-to=\"3\"><\/li>\n      <\/ol>\n      <div class=\"u-carousel-inner\" role=\"listbox\">\n        <div class=\"skrollable u-active u-align-center u-carousel-item u-clearfix u-image u-section-4-1\" data-image-width=\"1920\" data-image-height=\"650\" style=\"background-image: url(&quot;https:\/\/moondiamonds.hu\/wp-content\/uploads\/2025\/05\/homepage_slide1.jpeg&quot;);\">\n          <div class=\"u-clearfix u-sheet u-valign-middle-lg u-valign-middle-md u-valign-middle-sm u-valign-middle-xs u-sheet-1\">\n            <p class=\"u-align-center u-large-text u-text u-text-body-alt-color u-text-variant u-text-1\"> Mondd el gy\u0171r\u0171vel, amit szavakkal nem lehet.<\/p>\n          <\/div>\n        <\/div>\n        <div class=\"u-align-center u-carousel-item u-clearfix u-container-align-center u-image u-section-4-2\" data-image-width=\"2362\" data-image-height=\"1575\" style=\"background-image: url(&quot;https:\/\/moondiamonds.hu\/wp-content\/uploads\/2025\/06\/20-71050-1250_jpg.jpg&quot;);\">\n          <div class=\"u-clearfix u-sheet u-valign-middle-lg u-valign-middle-md u-valign-middle-sm u-valign-middle-xs u-sheet-1\">\n            <p class=\"u-align-center u-large-text u-text u-text-body-alt-color u-text-variant u-text-1\">Fedezd fel a ragyog\u00e1s \u00faj vil\u00e1g\u00e1t!<\/p>\n          <\/div>\n        <\/div>\n        <div class=\"u-align-center u-carousel-item u-clearfix u-container-align-center u-image u-section-4-3\" data-image-width=\"1920\" data-image-height=\"650\" style=\"background-image: url(&quot;https:\/\/moondiamonds.hu\/wp-content\/uploads\/2025\/05\/homepage_slide4.jpg&quot;);\">\n          <div class=\"u-clearfix u-sheet u-valign-middle-lg u-valign-middle-md u-valign-middle-sm u-valign-middle-xs u-sheet-1\">\n            <p class=\"u-align-center u-large-text u-text u-text-body-alt-color u-text-variant u-text-1\">Tal\u00e1ld meg a neked sz\u00f3l\u00f3 csillog\u00e1st!<\/p>\n          <\/div>\n        <\/div>\n        <div class=\"u-align-center u-carousel-item u-clearfix u-image u-section-4-4\" data-image-width=\"1920\" data-image-height=\"650\" style=\"background-image: url(&quot;https:\/\/moondiamonds.hu\/wp-content\/uploads\/2025\/05\/homepage_slide2.jpg&quot;);\">\n          <div class=\"u-clearfix u-sheet u-valign-middle-lg u-valign-middle-md u-valign-middle-sm u-valign-middle-xs u-sheet-1\">\n            <p class=\"u-align-center u-large-text u-text u-text-body-alt-color u-text-variant u-text-1\"> Mondd el gy\u0171r\u0171vel, amit szavakkal nem lehet.<\/p>\n          <\/div>\n        <\/div>\n      <\/div>\n      <a class=\"u-absolute-vcenter u-carousel-control u-carousel-control-prev u-text-grey-30 u-block-5a46-3\" href=\"#carousel-6a84\" role=\"button\" data-u-slide=\"prev\"><span aria-hidden=\"true\">\n          <svg class=\"u-svg-link\" viewBox=\"0 0 477.175 477.175\"><path d=\"M145.188,238.575l215.5-215.5c5.3-5.3,5.3-13.8,0-19.1s-13.8-5.3-19.1,0l-225.1,225.1c-5.3,5.3-5.3,13.8,0,19.1l225.1,225\n                    c2.6,2.6,6.1,4,9.5,4s6.9-1.3,9.5-4c5.3-5.3,5.3-13.8,0-19.1L145.188,238.575z\"><\/path><\/svg><\/span><span class=\"sr-only\">Previous<\/span>\n      <\/a>\n      <a class=\"u-absolute-vcenter u-carousel-control u-carousel-control-next u-text-grey-30 u-block-5a46-4\" href=\"#carousel-6a84\" role=\"button\" data-u-slide=\"next\"><span aria-hidden=\"true\">\n          <svg class=\"u-svg-link\" viewBox=\"0 0 477.175 477.175\"><path d=\"M360.731,229.075l-225.1-225.1c-5.3-5.3-13.8-5.3-19.1,0s-5.3,13.8,0,19.1l215.5,215.5l-215.5,215.5\n                    c-5.3,5.3-5.3,13.8,0,19.1c2.6,2.6,6.1,4,9.5,4c3.4,0,6.9-1.3,9.5-4l225.1-225.1C365.931,242.875,365.931,234.275,360.731,229.075z\"><\/path><\/svg><\/span><span class=\"sr-only\">Next<\/span>\n      <\/a>\n    <\/section>\n    <section class=\"u-clearfix u-hidden-sm u-hidden-xs u-section-5\" id=\"block-4\">\n      <div class=\"u-clearfix u-sheet u-sheet-1\">\n        <img decoding=\"async\" class=\"u-image u-image-contain u-image-default u-image-1\" src=\"https:\/\/moondiamonds.hu\/wp-content\/uploads\/2025\/05\/moon_diamonds_logo_szurke.png\" alt=\"\" data-image-width=\"1417\" data-image-height=\"698\">\n        <p class=\"u-align-justify u-text u-text-custom-color-1 u-text-default u-text-1\"> L\u00e9pj be egy k\u00fcl\u00f6nleges vil\u00e1gba, ahol minden r\u00e9szlet a t\u00f6k\u00e9letess\u00e9gr\u0151l sz\u00f3l. Ahol a gy\u00e9m\u00e1ntok nem csup\u00e1n csillognak, hanem t\u00f6rt\u00e9neteket mes\u00e9lnek \u2013 szerelemr\u0151l, elk\u00f6telez\u0151d\u00e9sr\u0151l, \u00f6r\u00f6kk\u00e9val\u00f3s\u00e1gr\u00f3l. Kollekci\u00f3nk minden darabj\u00e1t gondos odafigyel\u00e9ssel v\u00e1logattuk \u00f6ssze, hogy megtal\u00e1ld azt az \u00e9kszert, ami igaz\u00e1n t\u00e9ged t\u00fckr\u00f6z. Legyen sz\u00f3 eljegyz\u00e9sr\u0151l, \u00e9vfordul\u00f3r\u00f3l vagy egy megism\u00e9telhetetlen pillanatr\u00f3l \u2013 n\u00e1lunk a ragyog\u00e1s nem csak l\u00e1tv\u00e1ny, hanem \u00e9rz\u00e9s. Fedezd fel n\u00e1lunk azt az egyed\u00fcl\u00e1ll\u00f3 f\u00e9nyt, ami csak r\u00e1d v\u00e1r.&nbsp;<\/p>\n      <\/div>\n    <\/section>\n    <section class=\"u-clearfix u-hidden-sm u-hidden-xs u-valign-bottom-lg u-valign-bottom-md u-valign-bottom-sm u-valign-bottom-xs u-section-6\" id=\"block-5\">\n      <div class=\"u-expanded-width u-gallery u-layout-grid u-lightbox u-no-transition u-show-text-on-hover u-gallery-1\">\n        <div class=\"u-gallery-inner u-gallery-inner-1\">\n          <div class=\"u-effect-fade u-effect-hover-zoom u-gallery-item\" data-href=\"https:\/\/moondiamonds.hu\/index.php\/products-category\/gyuru\/\">\n            <div class=\"u-back-slide\" data-image-width=\"2560\" data-image-height=\"1707\">\n              <img decoding=\"async\" class=\"u-back-image u-expanded u-back-image-1\" src=\"https:\/\/moondiamonds.hu\/wp-content\/uploads\/2025\/05\/gyuruk-scaled.jpeg\" alt=\"Gy\u0171r\u0171k\">\n            <\/div>\n            <div class=\"u-container-align-center u-over-slide u-shading u-valign-middle u-over-slide-1\">\n              <h3 class=\"u-align-center u-gallery-heading\" style=\"margin-right: 0px; margin-left: 0px; font-size: 2.25rem; font-weight: 700;\">Gy\u0171r\u0171k<\/h3>\n            <\/div>\n          <\/div>\n          <div class=\"u-effect-fade u-effect-hover-zoom u-gallery-item\" data-href=\"https:\/\/moondiamonds.hu\/index.php\/products-category\/fulbevalo\/\">\n            <div class=\"u-back-slide\" data-image-width=\"2560\" data-image-height=\"1706\">\n              <img decoding=\"async\" class=\"u-back-image u-expanded u-back-image-2\" src=\"https:\/\/moondiamonds.hu\/wp-content\/uploads\/2025\/05\/fulbevalok-scaled.jpeg\" alt=\"F\u00fclbeval\u00f3k\">\n            <\/div>\n            <div class=\"u-container-align-center u-over-slide u-shading u-valign-middle u-over-slide-2\">\n              <h3 class=\"u-align-center u-gallery-heading\" style=\"margin-right: 0px; margin-left: 0px; font-size: 2.25rem; font-weight: 700;\">F\u00fclbeval\u00f3k<\/h3>\n            <\/div>\n          <\/div>\n          <div class=\"u-effect-fade u-effect-hover-zoom u-gallery-item\" data-href=\"https:\/\/moondiamonds.hu\/index.php\/products-category\/medal\/\">\n            <div class=\"u-back-slide\" data-image-width=\"2560\" data-image-height=\"1707\">\n              <img decoding=\"async\" class=\"u-back-image u-expanded u-back-image-3\" src=\"https:\/\/moondiamonds.hu\/wp-content\/uploads\/2025\/05\/medalok-scaled.jpeg\" alt=\"Med\u00e1lok\">\n            <\/div>\n            <div class=\"u-container-align-center u-over-slide u-shading u-valign-middle u-over-slide-3\">\n              <h3 class=\"u-align-center u-gallery-heading\" style=\"margin-right: 0px; margin-left: 0px; font-size: 2.25rem; font-weight: 700;\">Med\u00e1lok<\/h3>\n            <\/div>\n          <\/div>\n          <div class=\"u-effect-fade u-effect-hover-zoom u-gallery-item\" data-href=\"https:\/\/moondiamonds.hu\/index.php\/products-category\/nyaklanc\/\">\n            <div class=\"u-back-slide\" data-image-width=\"2560\" data-image-height=\"1707\">\n              <img decoding=\"async\" class=\"u-back-image u-expanded u-back-image-4\" src=\"https:\/\/moondiamonds.hu\/wp-content\/uploads\/2025\/05\/nyaklancok-scaled.jpeg\" alt=\"Nyakl\u00e1ncok\">\n            <\/div>\n            <div class=\"u-container-align-center u-over-slide u-shading u-valign-middle u-over-slide-4\">\n              <h3 class=\"u-align-center u-gallery-heading\" style=\"margin-right: 0px; margin-left: 0px; font-size: 2.25rem; font-weight: 700;\">Nyakl\u00e1ncok<\/h3>\n            <\/div>\n          <\/div>\n        <\/div>\n      <\/div>\n    <\/section>\n    <section class=\"u-align-center u-clearfix u-container-align-center u-section-7\" id=\"block-6\">\n      <div class=\"u-clearfix u-sheet u-valign-middle u-sheet-1\">\n        <h4 class=\"u-align-center-xs u-align-justify-lg u-align-justify-md u-align-justify-sm u-align-justify-xl u-text u-text-custom-color-1 u-text-default u-text-1\"> A <span style=\"font-weight: 700;\">Moondiamonds <\/span>\u00e9kszerm\u00e1rka magyarorsz\u00e1gi nagyk\u00f6vetek\u00e9nt c\u00e9g\u00fcnk a teljes, leny\u0171g\u00f6z\u0151 kollekci\u00f3t k\u00edn\u00e1lja ezen a weboldalon.<br>\n          <br> Ha egy term\u00e9k\u00fcnk elnyerte tetsz\u00e9s\u00e9t, szem\u00e9lyesen is megtekintheti viszontelad\u00f3 partnereink \u00fczleteiben \u2013 a r\u00e9szletes list\u00e1t a <span style=\"font-style: italic;\" class=\"u-text-palette-1-base\">\n            <a href=\"https:\/\/moondiamonds.hu\/index.php\/partnerek\/\" class=\"u-active-none u-border-none u-btn u-button-link u-button-style u-hover-none u-none u-text-palette-1-base u-btn-1\">Partnerek <\/a><\/span>oldalon tal\u00e1lja. Amennyiben viszontelad\u00f3k\u00e9nt \u00e9rdekl\u0151dik k\u00edn\u00e1latunk ir\u00e1nt, k\u00e9rj\u00fck, l\u00e9pjen vel\u00fcnk kapcsolatba a <span class=\"u-text-palette-1-base\"><i>\n              <a href=\"https:\/\/moondiamonds.hu\/index.php\/kapcsolat\/\" class=\"u-active-none u-border-none u-btn u-button-link u-button-style u-hover-none u-none u-text-palette-1-base u-btn-2\">Kapcsolat&nbsp;<\/a><\/i><\/span>oldalon kereszt\u00fcl.\n        <\/h4>\n      <\/div>\n    <\/section>\n    \n    \n    \n  \n","protected":false},"excerpt":{"rendered":"<p>A luxus \u00e9rint\u00e9se Mi a Moondiamonds nemzetk\u00f6zi csapata arra t\u00f6reksz\u00fcnk, hogy megb\u00edzhat\u00f3 \u00e9s kisz\u00e1m\u00edthat\u00f3 min\u0151s\u00e9get biztos\u00edtsunk partnereinknek sz\u00e1m\u00e1ra. Egy olyan m\u00e1rk\u00e1t \u00e9p\u00edt\u00fcnk, me\u200bly garanci\u00e1t v\u00e1llal arra, hogy magas min\u0151s\u00e9g\u0171 \u00e9s prec\u00edz megmunk\u00e1l\u00e1s\u00fa \u00e9kszerek sz\u00e9les palett\u00e1j\u00e1t k\u00edn\u00e1lja, legyen sz\u00f3 gy\u00e9m\u00e1ntr\u00f3l vagy ak\u00e1r sz\u00ednes dr\u00e1gak\u0151r\u0151l. Your browser does not support HTML5 video. Mondd el gy\u0171r\u0171vel, amit szavakkal &hellip; <a href=\"https:\/\/moondiamonds.hu\/\" class=\"more-link\">Continue reading<span class=\"screen-reader-text\"> &#8222;Moondiamonds&#8221;<\/span><\/a><\/p>\n","protected":false},"author":1,"featured_media":0,"parent":0,"menu_order":1,"comment_status":"closed","ping_status":"closed","template":"","meta":{"footnotes":""},"class_list":["post-100","page","type-page","status-publish","hentry"],"_links":{"self":[{"href":"https:\/\/moondiamonds.hu\/index.php\/wp-json\/wp\/v2\/pages\/100","targetHints":{"allow":["GET"]}}],"collection":[{"href":"https:\/\/moondiamonds.hu\/index.php\/wp-json\/wp\/v2\/pages"}],"about":[{"href":"https:\/\/moondiamonds.hu\/index.php\/wp-json\/wp\/v2\/types\/page"}],"author":[{"embeddable":true,"href":"https:\/\/moondiamonds.hu\/index.php\/wp-json\/wp\/v2\/users\/1"}],"replies":[{"embeddable":true,"href":"https:\/\/moondiamonds.hu\/index.php\/wp-json\/wp\/v2\/comments?post=100"}],"version-history":[{"count":38,"href":"https:\/\/moondiamonds.hu\/index.php\/wp-json\/wp\/v2\/pages\/100\/revisions"}],"predecessor-version":[{"id":3692,"href":"https:\/\/moondiamonds.hu\/index.php\/wp-json\/wp\/v2\/pages\/100\/revisions\/3692"}],"wp:attachment":[{"href":"https:\/\/moondiamonds.hu\/index.php\/wp-json\/wp\/v2\/media?parent=100"}],"curies":[{"name":"wp","href":"https:\/\/api.w.org\/{rel}","templated":true}]}}