{"id":162,"date":"2025-05-15T14:40:50","date_gmt":"2025-05-15T12:40:50","guid":{"rendered":"https:\/\/stage.moondiamonds.hu\/?page_id=162"},"modified":"2025-05-15T15:13:39","modified_gmt":"2025-05-15T13:13:39","slug":"impresszum","status":"publish","type":"page","link":"https:\/\/moondiamonds.hu\/index.php\/impresszum\/","title":{"rendered":"Impresszum"},"content":{"rendered":"\n    \n    <section class=\"u-align-center u-clearfix u-container-align-center u-image u-section-2\" id=\"sec-9064\" style=\"background-image: url(&quot;https:\/\/moondiamonds.hu\/wp-content\/uploads\/2025\/05\/homepage_slide1-2.jpeg&quot;);\">\n      <div class=\"u-clearfix u-sheet u-valign-middle u-sheet-1\">\n        <h1 class=\"u-align-center u-text u-text-body-alt-color u-text-default u-text-1\">Impresszum<\/h1>\n      <\/div>\n    <\/section>\n    <section class=\"u-clearfix u-section-3\" id=\"block-1\">\n      <div class=\"u-clearfix u-sheet u-sheet-1\">\n        <p class=\"u-text u-text-custom-color-1 u-text-default u-text-1\"><b>I.&nbsp;<\/b><b><u>A Honlap \u00fczemeltet\u0151je<\/u><\/b>\n          <br>A <a href=\"https:\/\/www.moondiamonds.hu\" class=\"u-active-none u-border-none u-btn u-button-link u-button-style u-hover-none u-none u-text-palette-1-base u-btn-1\">www.moondiamonds.hu<\/a>&nbsp;\u00fczemeltet\u0151je \u00d3ram\u0171 Kft.<b><\/b>(sz\u00e9khely: 1089 Budapest, Gaal M\u00f3zes utca 5-7., ad\u00f3sz\u00e1m: 23076725-2-42, c\u00e9gjegyz\u00e9ksz\u00e1m: 01-09-292022, email c\u00edm:<a href=\"mailto:info@oramu.hu\" class=\"u-active-none u-border-none u-btn u-button-link u-button-style u-hover-none u-none u-text-palette-1-base u-btn-2\"> info@oramu.hu<\/a> k\u00e9pviseli: Dar\u00f3czy P\u00e9ter Mikl\u00f3s, \u00fcgyvezet\u0151), bejegyz\u0151 hat\u00f3s\u00e1g: F\u0151v\u00e1rosi T\u00f6rv\u00e9nysz\u00e9k C\u00e9gb\u00edr\u00f3s\u00e1ga. <u>&nbsp;<\/u> &nbsp;&nbsp;<br>\n          <br><b>II.&nbsp;<\/b><b><u>Szerz\u0151i jog<\/u><\/b>\n          <br>A\nHonlapon megjelen\u00edtett v\u00e9djegyek, log\u00f3k, valamint egy\u00e9b anyagok szerz\u0151i jogi\nv\u00e9delem alatt \u00e1llnak. Kifejezett el\u0151zetes \u00edr\u00e1sbeli hozz\u00e1j\u00e1rul\u00e1s n\u00e9lk\u00fcl harmadik\nszem\u00e9ly semmilyen m\u00f3don \u00e9s jogc\u00edmen nem haszn\u00e1lhatja, nem m\u00e1solhatja, nem\nterjesztheti, \u00e9s nem teheti k\u00f6zz\u00e9. Tilos a Honlapon el\u0151zetes \u00edr\u00e1sbeli\nhozz\u00e1j\u00e1rul\u00e1s n\u00e9lk\u00fcl b\u00e1rmilyen m\u00e1s honlaphoz kapcsol\u00e1st (linket) l\u00e9trehozni.\nLajstromozott v\u00e9djegy, valamint szerz\u0151i jogi v\u00e9delem alatt \u00e1ll\u00f3 m\u0171 jogellenes\nfelhaszn\u00e1l\u00e1sa jogi elj\u00e1r\u00e1st vonhat maga ut\u00e1n.<br>\n          <br><b>III.&nbsp;<\/b><b><u>Felel\u0151ss\u00e9g<\/u><\/b>\n          <br>Az\n\u00dczemeltet\u0151 a Honlap haszn\u00e1lat\u00e1b\u00f3l, illetve annak b\u00e1rmikor, b\u00e1rmilyen okb\u00f3l,\nb\u00e1rmilyen id\u0151tartamra bek\u00f6vetkez\u0151 el\u00e9rhetetlenn\u00e9 v\u00e1l\u00e1s\u00e1b\u00f3l esetlegesen ered\u0151\nk\u00e1r\u00e9rt, vesztes\u00e9g\u00e9rt vagy k\u00f6lts\u00e9g\u00e9rt nem v\u00e1llal felel\u0151ss\u00e9get. Nem v\u00e1llal\nfelel\u0151ss\u00e9get tov\u00e1bb\u00e1 semmilyen, arra jogosulatlan szem\u00e9ly \u00e1ltal v\u00e9gzett,\nilletve k\u00e9sedelmes inform\u00e1ci\u00f3\u00e1tad\u00e1s, sz\u00e1m\u00edt\u00f3g\u00e9pes v\u00edrus, vonal- vagy\nrendszerhiba k\u00f6vetkezt\u00e9ben az adatokban v\u00e9gbemen\u0151 v\u00e1ltoz\u00e1s\u00e9rt sem. Az\n\u00dczemeltet\u0151 fenntartja a jogot a Honlapon megjelen\u00edtett tartalmak m\u00f3dos\u00edt\u00e1s\u00e1ra,\ntov\u00e1bb\u00e1 el\u00e9rhet\u0151s\u00e9g\u00fck megsz\u00fcntet\u00e9s\u00e9re. Az \u00dczemeltet\u0151 nem v\u00e1llal tov\u00e1bb\u00e1\nfelel\u0151ss\u00e9get olyan, harmadik f\u00e9l \u00e1ltal l\u00e9trehozott, tov\u00e1bb\u00edtott, vagy publik\u00e1lt\nanyagok\u00e9rt, melyek a Honlaphoz kapcsol\u00f3dnak, vagy amelyre hivatkoznak.<br>\n          <br><b>IV.&nbsp;<\/b><b><u>T\u00e1rhelyszolg\u00e1ltat\u00f3 adatai<\/u><\/b>\n          <br>\n          <br><b>C\u00e9gn\u00e9v: <\/b>Websupport Magyarorsz\u00e1g\nKft.<b><\/b>\n          <br><b>Sz\u00e9khely: <\/b>1119 Budapest, Feh\u00e9rv\u00e1ri\n\u00fat 97-99.<br><b>C\u00e9gjegyz\u00e9ksz\u00e1m: <\/b>01-09-381419<b><\/b>\n          <br><b>Ad\u00f3sz\u00e1m: <\/b>25138205-2-43<b><\/b>\n          <br><b>Honlap: <\/b>\n          <a href=\"http:\/\/www.websupport.hu\" class=\"u-active-none u-border-none u-btn u-button-style u-hover-none u-none u-text-palette-1-base u-btn-3\">www.websupport.hu<\/a>\n          <br><b>Email\nc\u00edm:&nbsp;<\/b>\n          <a href=\"mailto:support@websupport.hu\" class=\"u-active-none u-border-none u-btn u-button-link u-button-style u-hover-none u-none u-text-palette-1-base u-btn-4\">support@websupport.hu<\/a>\n        <\/p>\n      <\/div>\n    <\/section>\n    \n    \n    \n  \n","protected":false},"excerpt":{"rendered":"<p>Impresszum I.&nbsp;A Honlap \u00fczemeltet\u0151je A www.moondiamonds.hu&nbsp;\u00fczemeltet\u0151je \u00d3ram\u0171 Kft.(sz\u00e9khely: 1089 Budapest, Gaal M\u00f3zes utca 5-7., ad\u00f3sz\u00e1m: 23076725-2-42, c\u00e9gjegyz\u00e9ksz\u00e1m: 01-09-292022, email c\u00edm: info@oramu.hu k\u00e9pviseli: Dar\u00f3czy P\u00e9ter Mikl\u00f3s, \u00fcgyvezet\u0151), bejegyz\u0151 hat\u00f3s\u00e1g: F\u0151v\u00e1rosi T\u00f6rv\u00e9nysz\u00e9k C\u00e9gb\u00edr\u00f3s\u00e1ga. &nbsp; &nbsp;&nbsp; II.&nbsp;Szerz\u0151i jog A Honlapon megjelen\u00edtett v\u00e9djegyek, log\u00f3k, valamint egy\u00e9b anyagok szerz\u0151i jogi v\u00e9delem alatt \u00e1llnak. Kifejezett el\u0151zetes \u00edr\u00e1sbeli hozz\u00e1j\u00e1rul\u00e1s n\u00e9lk\u00fcl harmadik szem\u00e9ly &hellip; <a href=\"https:\/\/moondiamonds.hu\/index.php\/impresszum\/\" class=\"more-link\">Continue reading<span class=\"screen-reader-text\"> &#8222;Impresszum&#8221;<\/span><\/a><\/p>\n","protected":false},"author":1,"featured_media":0,"parent":0,"menu_order":0,"comment_status":"closed","ping_status":"closed","template":"","meta":{"footnotes":""},"class_list":["post-162","page","type-page","status-publish","hentry"],"_links":{"self":[{"href":"https:\/\/moondiamonds.hu\/index.php\/wp-json\/wp\/v2\/pages\/162","targetHints":{"allow":["GET"]}}],"collection":[{"href":"https:\/\/moondiamonds.hu\/index.php\/wp-json\/wp\/v2\/pages"}],"about":[{"href":"https:\/\/moondiamonds.hu\/index.php\/wp-json\/wp\/v2\/types\/page"}],"author":[{"embeddable":true,"href":"https:\/\/moondiamonds.hu\/index.php\/wp-json\/wp\/v2\/users\/1"}],"replies":[{"embeddable":true,"href":"https:\/\/moondiamonds.hu\/index.php\/wp-json\/wp\/v2\/comments?post=162"}],"version-history":[{"count":4,"href":"https:\/\/moondiamonds.hu\/index.php\/wp-json\/wp\/v2\/pages\/162\/revisions"}],"predecessor-version":[{"id":187,"href":"https:\/\/moondiamonds.hu\/index.php\/wp-json\/wp\/v2\/pages\/162\/revisions\/187"}],"wp:attachment":[{"href":"https:\/\/moondiamonds.hu\/index.php\/wp-json\/wp\/v2\/media?parent=162"}],"curies":[{"name":"wp","href":"https:\/\/api.w.org\/{rel}","templated":true}]}}