{"id":167,"date":"2025-05-15T14:53:21","date_gmt":"2025-05-15T12:53:21","guid":{"rendered":"https:\/\/stage.moondiamonds.hu\/?page_id=167"},"modified":"2025-07-07T09:10:10","modified_gmt":"2025-07-07T07:10:10","slug":"kapcsolat","status":"publish","type":"page","link":"https:\/\/moondiamonds.hu\/index.php\/kapcsolat\/","title":{"rendered":"Kapcsolat"},"content":{"rendered":"\n    \n    <section class=\"u-align-center u-clearfix u-container-align-center u-image u-section-2\" id=\"block-2\" style=\"background-image: url(&quot;https:\/\/moondiamonds.hu\/wp-content\/uploads\/2025\/05\/homepage_slide1.jpeg&quot;);\">\n      <div class=\"u-clearfix u-sheet u-valign-middle u-sheet-1\">\n        <h1 class=\"u-align-center u-text u-text-body-alt-color u-text-default u-text-1\">Kapcsolat<\/h1>\n      <\/div>\n    <\/section>\n    <section class=\"u-clearfix u-section-3\" id=\"block-1\">\n      <div class=\"u-clearfix u-sheet u-valign-middle u-sheet-1\">\n        <div class=\"data-layout-selected u-clearfix u-expanded-width u-layout-wrap u-layout-wrap-1\">\n          <div class=\"u-layout\">\n            <div class=\"u-layout-row\">\n              <div class=\"u-container-style u-layout-cell u-size-19 u-layout-cell-1\">\n                <div class=\"u-container-layout u-container-layout-1\">\n                  <h3 class=\"u-text u-text-custom-color-1 u-text-default u-text-1\"><span style=\"font-size: 1.5rem;\">C\u00edm:<\/span>\n                    <br><span style=\"font-size: 1.25rem;\" class=\"u-text-palette-1-base\">1089 Budapest, Ga\u00e1l M\u00f3zes u. 5-7.,&nbsp;<br>2. emelet 209<\/span>\n                    <br>\n                    <br><span style=\"font-size: 1.5rem;\">Telefonsz\u00e1m:<\/span>\n                    <br>\n                    <a href=\"tel:+36-1-951-3301\" class=\"u-active-none u-border-none u-btn u-button-link u-button-style u-hover-none u-none u-text-palette-1-base u-btn-1\"><span style=\"font-size: 1.25rem;\">+36-1-951-3301<\/span>\n                      <br>\n                    <\/a>\n                    <br><span style=\"font-size: 1.5rem;\">Email:<\/span>\n                    <br><span style=\"font-size: 1.25rem;\">\n                      <a href=\"mailto:info@oramu.co.hu?subject=Kapcsolat\" class=\"u-active-none u-border-none u-btn u-button-link u-button-style u-hover-none u-none u-text-palette-1-base u-btn-2\">info@oramu.co.hu<\/a><\/span>\n                  <\/h3>\n                <\/div>\n              <\/div>\n              <div class=\"u-container-style u-layout-cell u-size-41 u-layout-cell-2\">\n                <div class=\"u-container-layout u-container-layout-2\">\n                  <div class=\"u-form u-form-1\">\n                    <form action=\"https:\/\/forms.nicepagesrv.com\/v2\/form\/process\" class=\"u-clearfix u-form-spacing-10 u-form-vertical u-inner-form\" source=\"email\" name=\"kapcsolat\" style=\"padding: 10px;\">\n                      <div class=\"u-form-group u-form-name\">\n                        <label for=\"name-cdbf\" class=\"u-label u-text-custom-color-1 u-label-1\">N\u00e9v<\/label>\n                        <input type=\"text\" placeholder=\"K\u00e9rem adja meg nev\u00e9t\" id=\"name-cdbf\" name=\"name\" class=\"u-input u-input-rectangle u-text-custom-color-1\" required=\"\">\n                      <\/div>\n                      <div class=\"u-form-email u-form-group\">\n                        <label for=\"email-cdbf\" class=\"u-label u-text-custom-color-1 u-label-2\">Email<\/label>\n                        <input type=\"email\" placeholder=\"K\u00e9rem adja meg az email c\u00edm\u00e9t\" id=\"email-cdbf\" name=\"email\" class=\"u-input u-input-rectangle u-text-custom-color-1\" required=\"\">\n                      <\/div>\n                      <div class=\"u-form-group u-form-message\">\n                        <label for=\"message-cdbf\" class=\"u-label u-text-custom-color-1 u-label-3\">\u00dczenet<\/label>\n                        <textarea placeholder=\"K\u00e9rem ide \u00edrja az \u00fczenetet...\" rows=\"4\" cols=\"50\" id=\"message-cdbf\" name=\"message\" class=\"u-input u-input-rectangle u-text-custom-color-1\" required=\"\"><\/textarea>\n                      <\/div>\n                      <div class=\"u-form-checkbox u-form-group u-form-group-4\">\n                        <input type=\"checkbox\" id=\"checkbox-8d2d\" name=\"checkbox\" value=\"On\" class=\"u-field-input\">\n                        <label for=\"checkbox-8d2d\" class=\"u-field-label u-text-custom-color-1\">Elfogadom a&nbsp;<a href=\"https:\/\/moondiamonds.hu\/wp-content\/uploads\/2025\/05\/Adatkezelesi-tajekoztato_ugyfel-reszere_moondiamonds.hu_20250505.pdf\" class=\"u-active-none u-border-none u-btn u-button-style u-file-link u-hover-none u-none u-text-palette-1-base u-btn-3\" target=\"_blank\">felt\u00e9teleket<\/a>\n                        <\/label>\n                      <\/div>\n                      <div class=\"u-align-left u-form-group u-form-submit\">\n                        <a href=\"#\" class=\"u-btn u-btn-submit u-button-style u-btn-4\">K\u00fcld\u00e9s<\/a>\n                        <input type=\"submit\" value=\"submit\" class=\"u-form-control-hidden\">\n                      <\/div>\n                      <div class=\"u-form-send-message u-form-send-success\">K\u00f6sz\u00f6nj\u00fck! Munkat\u00e1rsunk hamarosan felkeresi \u00f6nt!<\/div>\n                      <div class=\"u-form-send-error u-form-send-message\">Sajnos a level\u00e9t nem tudtuk elk\u00fcldeni! K\u00e9rem vizsg\u00e1lja meg a mez\u0151ket \u00e9s jav\u00edtsa.<\/div>\n                      <input type=\"hidden\" value=\"\" name=\"recaptchaResponse\">\n                      <input type=\"hidden\" name=\"formServices\" value=\"4777165f-c027-52de-9c0c-0f3086cbb598\">\n                      <input type=\"hidden\" name=\"siteKey\" value=\"6LeglHorAAAAAEbvT3IdbADXmA4kh9iMck-le3YV\">\n                    <\/form>\n                  <\/div>\n                <\/div>\n              <\/div>\n            <\/div>\n          <\/div>\n        <\/div>\n      <\/div>\n    <\/section>\n    <section class=\"u-clearfix u-container-align-center u-section-4\" id=\"block-3\">\n      <div class=\"u-clearfix u-sheet u-sheet-1\">\n        <div class=\"u-expanded-width u-grey-light-2 u-map u-map-1\">\n          <div class=\"embed-responsive\">\n            <iframe class=\"embed-responsive-item\" src=\"https:\/\/maps.google.com\/maps?output=embed&amp;q=1089%20Budapest%2C%20Ga%C3%A1l%20M%C3%B3zes%20utca%205-7&amp;z=15&amp;t=m\" data-map=\"JTdCJTIyYWRkcmVzcyUyMiUzQSUyMjEwODklMjBCdWRhcGVzdCUyQyUyMEdhJUMzJUExbCUyME0lQzMlQjN6ZXMlMjB1dGNhJTIwNS03JTIyJTJDJTIyem9vbSUyMiUzQTE1JTJDJTIydHlwZUlkJTIyJTNBJTIycm9hZCUyMiUyQyUyMmxhbmclMjIlM0FudWxsJTJDJTIyYXBpS2V5JTIyJTNBbnVsbCUyQyUyMm1hcmtlcnMlMjIlM0ElNUIlNUQlN0Q=\"><\/iframe>\n          <\/div>\n        <\/div>\n      <\/div>\n    <\/section>\n    \n    \n    \n  \n","protected":false},"excerpt":{"rendered":"<p>Kapcsolat C\u00edm: 1089 Budapest, Ga\u00e1l M\u00f3zes u. 5-7.,&nbsp;2. emelet 209 Telefonsz\u00e1m: +36-1-951-3301 Email: info@oramu.co.hu N\u00e9v Email \u00dczenet Elfogadom a&nbsp;felt\u00e9teleket K\u00fcld\u00e9s K\u00f6sz\u00f6nj\u00fck! Munkat\u00e1rsunk hamarosan felkeresi \u00f6nt! Sajnos a level\u00e9t nem tudtuk elk\u00fcldeni! K\u00e9rem vizsg\u00e1lja meg a mez\u0151ket \u00e9s jav\u00edtsa.<\/p>\n","protected":false},"author":1,"featured_media":0,"parent":0,"menu_order":0,"comment_status":"closed","ping_status":"closed","template":"","meta":{"footnotes":""},"class_list":["post-167","page","type-page","status-publish","hentry"],"_links":{"self":[{"href":"https:\/\/moondiamonds.hu\/index.php\/wp-json\/wp\/v2\/pages\/167","targetHints":{"allow":["GET"]}}],"collection":[{"href":"https:\/\/moondiamonds.hu\/index.php\/wp-json\/wp\/v2\/pages"}],"about":[{"href":"https:\/\/moondiamonds.hu\/index.php\/wp-json\/wp\/v2\/types\/page"}],"author":[{"embeddable":true,"href":"https:\/\/moondiamonds.hu\/index.php\/wp-json\/wp\/v2\/users\/1"}],"replies":[{"embeddable":true,"href":"https:\/\/moondiamonds.hu\/index.php\/wp-json\/wp\/v2\/comments?post=167"}],"version-history":[{"count":8,"href":"https:\/\/moondiamonds.hu\/index.php\/wp-json\/wp\/v2\/pages\/167\/revisions"}],"predecessor-version":[{"id":1386,"href":"https:\/\/moondiamonds.hu\/index.php\/wp-json\/wp\/v2\/pages\/167\/revisions\/1386"}],"wp:attachment":[{"href":"https:\/\/moondiamonds.hu\/index.php\/wp-json\/wp\/v2\/media?parent=167"}],"curies":[{"name":"wp","href":"https:\/\/api.w.org\/{rel}","templated":true}]}}